{"id":189,"date":"2020-12-16T03:05:40","date_gmt":"2020-12-16T03:05:40","guid":{"rendered":"https:\/\/workforcelinksf.org\/?page_id=189"},"modified":"2025-11-14T12:12:10","modified_gmt":"2025-11-14T20:12:10","slug":"job-seekers","status":"publish","type":"page","link":"http:\/\/workforcelinksf.org\/es\/job-seekers\/","title":{"rendered":"BUSCADOR DE EMPLEO"},"content":{"rendered":"<div class=\"row\">\r\n<div class=\"col-sm-12 text-center top-title-marg\"><img decoding=\"async\" id=\"Workforce\" title=\"Workforce\" src=\"https:\/\/workforcelinksf.org\/wp-content\/uploads\/2021\/03\/WorkforceLinkSF-logo-dark.png\" alt=\"Workforce\" \/><\/div>\r\n<\/div>\r\n<div class=\"row\">\r\n<div class=\"col-sm-12 text-center jem-title-marg\">\r\n<h1>Solicitar un empleo es tan f\u00e1cil como<\/h1>\r\n<\/div>\r\n<\/div>\r\n<div class=\"row page-steps\">\r\n<div class=\"col-steps\">\r\n<div class=\"col-sm-12 text-center\">\r\n<div class=\"blueNumberCircle\">1<\/div>\r\n<\/div>\r\n<div class=\"col-sm-12 text-center\">\r\n<h2>Registrarse<\/h2>\r\n<\/div>\r\n<div class=\"col-sm-12 text-center\">\r\n<p>Completar perfil y registro<\/p>\r\n<\/div>\r\n<\/div>\r\n<div class=\"col-steps\">\r\n<div class=\"col-sm-12 text-center\">\r\n<div class=\"blueNumberCircle\">2<\/div>\r\n<\/div>\r\n<div class=\"col-sm-12 text-center\">\r\n<h2>Buscar<\/h2>\r\n<\/div>\r\n<div class=\"col-sm-12 text-center\">\r\n<p>Encuentre el empleo perfecto<\/p>\r\n<\/div>\r\n<\/div>\r\n<div class=\"col-steps\">\r\n<div class=\"col-sm-12 text-center\">\r\n<div class=\"blueNumberCircle\">3<\/div>\r\n<\/div>\r\n<div class=\"col-sm-12 text-center\">\r\n<h2>Solicite<\/h2>\r\n<\/div>\r\n<div class=\"col-sm-12 text-center\">\r\n<p>Env\u00ede su solicitud<\/p>\r\n<\/div>\r\n<\/div>\r\n<\/div>\r\n<div class=\"row sign-up-space\">\r\n<div class=\"col-sm-12 text-center\">\r\n<div class=\"col-sm-12 text-center\"><a href=\"https:\/\/workforcelinksf.my.site.com\/JobSeekers\/s\/jobseeker-register\"><button class=\"btn btn-rounded btn-md page-yellowish-pill-button\" type=\"submit\">Registrarse<\/button><\/a><\/div>\r\n<div class=\"col-sm-12 text-center section-three-bottom\"><a href=\"https:\/\/workforcelinksf.my.site.com\/JobSeekers\/JobSeekerLogin\\\" target=\"_blank\" rel=\"noopener noreferrer\">\u00bfYa tiene una cuenta?<\/a><\/div>\r\n<\/div>\r\n<\/div>\r\n\r\n\r\n\r\n<div class=\"container\">\r\n<div class=\"row\">\r\n<div class=\"col-sm-12 text-center section-four-title\">\r\n<div>\r\n<h1>Trabajos Disponibles<\/h1>\r\n<p>Vea nuestras recientes ofertas de empleo en los \u00faltimos diez d\u00edas.<\/p>\r\n<\/div>\r\n<\/div>\r\n<\/div>\r\n<\/div>\r\n\r\n\r\n<!--- <div class=\"container-fluid front-jobs-results\">\r\n<div class=\"row\" style=\"text-align: center !important;\">\r\n<div class=\"section-four-job-blocks\">&nbsp;<\/div>\r\n<\/div>\r\n<\/div> --->\r\n\r\n<div class=\"container-fluid\"><div class=\"arset\"><div class=\"row\" style=\"padding-top: 2%; padding-bottom: 2%;\"><div class=\"col-xl\">\t<div class=\"card h-100\" style=\"max-width: 100%;\">\t\t<div class=\"card-body\">\t\t\t<h2 class=\"card-title\">Site Manager<\/h2>\t\t\t<p class=\"card-text\"><strong>Company Name: <\/strong>HomeRise<br \/>\t    \t<strong>Company Location: <\/strong>San Francisco<br \/>\t    \t<strong>Hourly Wage: <\/strong>Min $35.91 - Max $35.91<br \/>\t    \t<strong>Job Type: <\/strong>Full Time Permanent<br \/>\t    \t<strong>Days Open: <\/strong>0<br \/>\t    \t<strong>Encouraged To Apply: <\/strong><br\/>Veterans or Military<br\/>Justice Involved or Re-Entry<br\/>Older Adults(50yrs plus)<br\/>No College Diploma<\/p>\t\t<\/div>\t\t<div data-no-translation class=\"card-footer\">\t\t\t<div class=\"row\">\t\t\t\t<div class=\"col-sm-6 text-center\">\t\t\t\t\t<button type=\"button\" class=\"btn btn-primary btn-lg btn-block search-result-white-pill-button\" onclick=\"window.open('https:\/\/workforcelinksf.my.site.com\/JobSeekers\/s\/job-details?language=en_US&recordId=a0OUW00000JpAnB2AV&retURL=https:\/\/workforcelinksf.org\/es\/wp-json\/wp\/v2\/pages\/189','_blank')\" style=\"float: left;\">View Details<\/button>\t\t\t\t<\/div>\t\t\t\t<div class=\"col-sm-6 text-center\">\t\t\t\t\t<button type=\"button\" class=\"btn btn-secondary btn-lg btn-block search-result-red-pill-button\" onclick=\"window.open('https:\/\/workforcelinksf.my.site.com\/JobSeekers\/s\/job\/a0OUW00000JpAnB2AV\/site-manager\/','_blank')\" style=\"float: right;\">Apply<\/button>\t\t\t\t<\/div>\t\t\t<\/div>\t\t<\/div>\t<\/div><\/div><div class=\"col-xl\">\t<div class=\"card h-100\" style=\"max-width: 100%;\">\t\t<div class=\"card-body\">\t\t\t<h2 class=\"card-title\">Health Worker \/ Certified Nursing Assistant (CNA)<\/h2>\t\t\t<p class=\"card-text\"><strong>Company Name: <\/strong>Institute on Aging<br \/>\t    \t<strong>Company Location: <\/strong>San Francisco<br \/>\t    \t<strong>Hourly Wage: <\/strong>Min $20.00 - Max $23.00<br \/>\t    \t<strong>Job Type: <\/strong>Full Time Permanent<br \/>\t    \t<strong>Days Open: <\/strong>0<br \/>\t    \t<strong>Encouraged To Apply: <\/strong><br\/>No College Diploma<\/p>\t\t<\/div>\t\t<div data-no-translation class=\"card-footer\">\t\t\t<div class=\"row\">\t\t\t\t<div class=\"col-sm-6 text-center\">\t\t\t\t\t<button type=\"button\" class=\"btn btn-primary btn-lg btn-block search-result-white-pill-button\" onclick=\"window.open('https:\/\/workforcelinksf.my.site.com\/JobSeekers\/s\/job-details?language=en_US&recordId=a0OUW00000JpAGv2AN&retURL=https:\/\/workforcelinksf.org\/es\/wp-json\/wp\/v2\/pages\/189','_blank')\" style=\"float: left;\">View Details<\/button>\t\t\t\t<\/div>\t\t\t\t<div class=\"col-sm-6 text-center\">\t\t\t\t\t<button type=\"button\" class=\"btn btn-secondary btn-lg btn-block search-result-red-pill-button\" onclick=\"window.open('https:\/\/workforcelinksf.my.site.com\/JobSeekers\/s\/job\/a0OUW00000JpAGv2AN\/health-worker--certified-nursing-assistant-(cna)\/','_blank')\" style=\"float: right;\">Apply<\/button>\t\t\t\t<\/div>\t\t\t<\/div>\t\t<\/div>\t<\/div><\/div><div class=\"col-xl\">\t<div class=\"card h-100\" style=\"max-width: 100%;\">\t\t<div class=\"card-body\">\t\t\t<h2 class=\"card-title\">Civil Engineer<\/h2>\t\t\t<p class=\"card-text\"><strong>Company Name: <\/strong>Telamon Engineering Consultants, Inc.<br \/>\t    \t<strong>Company Location: <\/strong>San Francisco<br \/>\t    \t<strong>Hourly Wage: <\/strong>Min $26.44 - Max $31.25<br \/>\t    \t<strong>Job Type: <\/strong>Full Time Permanent<br \/>\t    \t<strong>Days Open: <\/strong>0<br \/>\t    \t<strong>Encouraged To Apply: <\/strong><br\/>Veterans or Military<br\/>Justice Involved or Re-Entry<br\/>Hybrid - Remote or In-Person<\/p>\t\t<\/div>\t\t<div data-no-translation class=\"card-footer\">\t\t\t<div class=\"row\">\t\t\t\t<div class=\"col-sm-6 text-center\">\t\t\t\t\t<button type=\"button\" class=\"btn btn-primary btn-lg btn-block search-result-white-pill-button\" onclick=\"window.open('https:\/\/workforcelinksf.my.site.com\/JobSeekers\/s\/job-details?language=en_US&recordId=a0OUW00000Jp9Ku2AJ&retURL=https:\/\/workforcelinksf.org\/es\/wp-json\/wp\/v2\/pages\/189','_blank')\" style=\"float: left;\">View Details<\/button>\t\t\t\t<\/div>\t\t\t\t<div class=\"col-sm-6 text-center\">\t\t\t\t\t<button type=\"button\" class=\"btn btn-secondary btn-lg btn-block search-result-red-pill-button\" onclick=\"window.open('https:\/\/workforcelinksf.my.site.com\/JobSeekers\/s\/job\/a0OUW00000Jp9Ku2AJ\/civil-engineer\/','_blank')\" style=\"float: right;\">Apply<\/button>\t\t\t\t<\/div>\t\t\t<\/div>\t\t<\/div>\t<\/div><\/div><\/div><\/div><div class=\"arset\"><div class=\"row\" style=\"padding-top: 2%; padding-bottom: 2%;\"><div class=\"col-xl\">\t<div class=\"card h-100\" style=\"max-width: 100%;\">\t\t<div class=\"card-body\">\t\t\t<h2 class=\"card-title\">Assistant Store Manager<\/h2>\t\t\t<p class=\"card-text\"><strong>Company Name: <\/strong>Goodwill Industries (Employer)<br \/>\t    \t<strong>Company Location: <\/strong>South San Francisco<br \/>\t    \t<strong>Hourly Wage: <\/strong>Min $33.00 - Max $33.00<br \/>\t    \t<strong>Job Type: <\/strong>Full Time Permanent<br \/>\t    \t<strong>Days Open: <\/strong>0<br \/>\t    \t<strong>Encouraged To Apply: <\/strong><br\/>Justice Involved or Re-Entry<br\/>No College Diploma<\/p>\t\t<\/div>\t\t<div data-no-translation class=\"card-footer\">\t\t\t<div class=\"row\">\t\t\t\t<div class=\"col-sm-6 text-center\">\t\t\t\t\t<button type=\"button\" class=\"btn btn-primary btn-lg btn-block search-result-white-pill-button\" onclick=\"window.open('https:\/\/workforcelinksf.my.site.com\/JobSeekers\/s\/job-details?language=en_US&recordId=a0OUW00000Jp9vx2AB&retURL=https:\/\/workforcelinksf.org\/es\/wp-json\/wp\/v2\/pages\/189','_blank')\" style=\"float: left;\">View Details<\/button>\t\t\t\t<\/div>\t\t\t\t<div class=\"col-sm-6 text-center\">\t\t\t\t\t<button type=\"button\" class=\"btn btn-secondary btn-lg btn-block search-result-red-pill-button\" onclick=\"window.open('https:\/\/workforcelinksf.my.site.com\/JobSeekers\/s\/job\/a0OUW00000Jp9vx2AB\/assistant-store-manager\/','_blank')\" style=\"float: right;\">Apply<\/button>\t\t\t\t<\/div>\t\t\t<\/div>\t\t<\/div>\t<\/div><\/div><div class=\"col-xl\">\t<div class=\"card h-100\" style=\"max-width: 100%;\">\t\t<div class=\"card-body\">\t\t\t<h2 class=\"card-title\">Program Leader I (CYS)<\/h2>\t\t\t<p class=\"card-text\"><strong>Company Name: <\/strong>Pomeroy Recreation and Rehabilitation Center<br \/>\t    \t<strong>Company Location: <\/strong>San Francisco<br \/>\t    \t<strong>Hourly Wage: <\/strong>Min $23.00 - Max $26.00<br \/>\t    \t<strong>Job Type: <\/strong>Part Time Permanent<br \/>\t    \t<strong>Days Open: <\/strong>0<br \/>\t    \t<strong>Encouraged To Apply: <\/strong><br\/>Entry Level (0-2 years)<\/p>\t\t<\/div>\t\t<div data-no-translation class=\"card-footer\">\t\t\t<div class=\"row\">\t\t\t\t<div class=\"col-sm-6 text-center\">\t\t\t\t\t<button type=\"button\" class=\"btn btn-primary btn-lg btn-block search-result-white-pill-button\" onclick=\"window.open('https:\/\/workforcelinksf.my.site.com\/JobSeekers\/s\/job-details?language=en_US&recordId=a0OUW00000Jp8ni2AB&retURL=https:\/\/workforcelinksf.org\/es\/wp-json\/wp\/v2\/pages\/189','_blank')\" style=\"float: left;\">View Details<\/button>\t\t\t\t<\/div>\t\t\t\t<div class=\"col-sm-6 text-center\">\t\t\t\t\t<button type=\"button\" class=\"btn btn-secondary btn-lg btn-block search-result-red-pill-button\" onclick=\"window.open('https:\/\/workforcelinksf.my.site.com\/JobSeekers\/s\/job\/a0OUW00000Jp8ni2AB\/program-leader-i-(cys)\/','_blank')\" style=\"float: right;\">Apply<\/button>\t\t\t\t<\/div>\t\t\t<\/div>\t\t<\/div>\t<\/div><\/div><div class=\"col-xl\">\t<div class=\"card h-100\" style=\"max-width: 100%;\">\t\t<div class=\"card-body\">\t\t\t<h2 class=\"card-title\">Bilingual Spanish Personal Banker | Mission Ocean Avenue, R-542445<\/h2>\t\t\t<p class=\"card-text\"><strong>Company Name: <\/strong>Wells Fargo Corporate Recruitment<br \/>\t    \t<strong>Company Location: <\/strong>San Francisco<br \/>\t    \t<strong>Hourly Wage: <\/strong>Min $22.00 - Max $27.50<br \/>\t    \t<strong>Job Type: <\/strong>Full Time Permanent<br \/>\t    \t<strong>Days Open: <\/strong>0<br \/>\t    \t<strong>Encouraged To Apply: <\/strong><br\/>Veterans or Military<br\/>Older Adults(50yrs plus)<br\/>No College Diploma<\/p>\t\t<\/div>\t\t<div data-no-translation class=\"card-footer\">\t\t\t<div class=\"row\">\t\t\t\t<div class=\"col-sm-6 text-center\">\t\t\t\t\t<button type=\"button\" class=\"btn btn-primary btn-lg btn-block search-result-white-pill-button\" onclick=\"window.open('https:\/\/workforcelinksf.my.site.com\/JobSeekers\/s\/job-details?language=en_US&recordId=a0OUW00000Jp4oD2AR&retURL=https:\/\/workforcelinksf.org\/es\/wp-json\/wp\/v2\/pages\/189','_blank')\" style=\"float: left;\">View Details<\/button>\t\t\t\t<\/div>\t\t\t\t<div class=\"col-sm-6 text-center\">\t\t\t\t\t<button type=\"button\" class=\"btn btn-secondary btn-lg btn-block search-result-red-pill-button\" onclick=\"window.open('https:\/\/workforcelinksf.my.site.com\/JobSeekers\/s\/job\/a0OUW00000Jp4oD2AR\/bilingual-spanish-personal-banker-|-mission-ocean-avenue,-r-542445\/','_blank')\" style=\"float: right;\">Apply<\/button>\t\t\t\t<\/div>\t\t\t<\/div>\t\t<\/div>\t<\/div><\/div><\/div><\/div><\/div>\n\r\n\r\n\r\n<div class=\"container\">\r\n<div class=\"row section-four-buttons\">\r\n<div class=\"col-sm-6 text-right\"><button class=\"btn btn-primary btn-md restricted-block left-pill-button\" style=\"white-space: pre;\" type=\"button\">View More<br \/>Trabajos Disponibles<\/button><\/div>\r\n<div class=\"col-sm-6 text-left\"><button class=\"btn btn-primary btn-md restricted-block right-pill-button\" style=\"white-space: pre;\" type=\"button\">View All<br \/>Trabajos<\/button><\/div>\r\n<!--\r\n<div class=\"col-sm-6 text-right\"><button type=\"button\" style=\"white-space: pre\" class=\"btn btn-primary btn-md restricted-block left-pill-button\" onclick=\"location.href='view-more-hot-jobs?Industry=ALL&JobType=ALL&HourlyWageMinimum=ALL&DaysOpen=ALL'\">View More<br> Hot Jobs<\/button><\/div>\r\n<div class=\"col-sm-6 text-left\"><button type=\"button\" style=\"white-space: pre\" class=\"btn btn-secondary btn-md restricted-block right-pill-button\" onclick=\"location.href='view-all-jobs?Industry=ALL&JobType=ALL&HourlyWageMinimum=ALL&DaysOpen=ALL'\">View All<br> Jobs<\/button><\/div>\r\n--><\/div>\r\n<\/div>\r\n\r\n\r\n\r\n<div class=\"row\">\r\n<div class=\"col-sm-12 text-center dark-section-title\">\r\n<h2>Recursos disponibles para buscadores de empleo<\/h2>\r\n<\/div>\r\n<\/div>\r\n<div class=\"row\">\r\n<div class=\"text-center section-text\">\r\n<p>La divisi\u00f3n de desarrollo de fuerza laboral ofrece programas de capacitaci\u00f3n laboral para puestos de principiantes en industrias de gran crecimiento. Cada sector integra desarrollo de habilidades, servicios de soporte, desarrollo de habilidades para empleo, y colocaci\u00f3n laboral en una variedad de puestos dentro de estas pr\u00f3speras industrias.<\/p>\r\n<\/div>\r\n<\/div>\r\n<div class=\"page-four-block\">\r\n<div class=\"row\">\r\n<div class=\"card-group\">\r\n<div class=\"card mx-auto\"><a href=\"https:\/\/oewd.org\/city-build\" target=\"_blank\" rel=\"noopener\"> <img decoding=\"async\" class=\"card-img-top\" title=\"Construcci\u00f3n\" src=\"https:\/\/workforcelinksf.org\/wp-content\/uploads\/2020\/12\/new_sf_icons_construction.png\" alt=\"Construction\" \/> <\/a>\r\n<div class=\"card-body\">\r\n<h2 class=\"card-title\">Construcci\u00f3n<\/h2>\r\n<p class=\"card-text\">CityBuild ofrece un programa de capacitaci\u00f3n de pre-pr\u00e1cticas profesionales de 18 semanas para obtener acceso a los oficios de la construcci\u00f3n.<\/p>\r\n<\/div>\r\n<div class=\"card-footer\">\r\n<div class=\"col-sm-12 text-center\"><a href=\"https:\/\/oewd.org\/city-build\"><button class=\"btn btn-primary btn-lg center-block learn-more-button\" type=\"button\">Ent\u00e9rese m\u00e1s<\/button><\/a><\/div>\r\n<\/div>\r\n<\/div>\r\n<div class=\"card mx-auto\"><a href=\"https:\/\/oewd.org\/healthcare-academy\" target=\"_blank\" rel=\"noopener\"> <img decoding=\"async\" class=\"card-img-top\" title=\"Servicios de salud\" src=\"https:\/\/workforcelinksf.org\/wp-content\/uploads\/2020\/12\/new_sf_icons_healthcare.png\" alt=\"Healthcare\" \/> <\/a>\r\n<div class=\"card-body\">\r\n<h2 class=\"card-title\">Servicios de salud<\/h2>\r\n<p class=\"card-text\">Servicios de capacitaci\u00f3n y b\u00fasqueda de empleos dentro de la creciente industria de servicios de salud de San Francisco.<\/p>\r\n<\/div>\r\n<div class=\"card-footer\">\r\n<div class=\"col-sm-12 text-center\"><a href=\"https:\/\/www.sf.gov\/apply-train-career-healthcare\"><button class=\"btn btn-primary btn-lg center-block learn-more-button\" type=\"button\">Ent\u00e9rese m\u00e1s<\/button><\/a><\/div>\r\n<\/div>\r\n<\/div>\r\n<div class=\"card mx-auto\"><a href=\"https:\/\/oewd.org\/hospitality-initiative\" target=\"_blank\" rel=\"noopener\"> <img decoding=\"async\" class=\"card-img-top\" title=\"Hoteler\u00eda\" src=\"https:\/\/workforcelinksf.org\/wp-content\/uploads\/2020\/12\/new_sf_icons_hospitality.png\" alt=\"Hospitality\" \/> <\/a>\r\n<div class=\"card-body\">\r\n<h2 class=\"card-title\">Hoteler\u00eda<\/h2>\r\n<p class=\"card-text\">Servicios de capacitaci\u00f3n y b\u00fasqueda de empleos dentro de las florecientes industrias de hoteler\u00eda y turismo de San Francisco.<\/p>\r\n<\/div>\r\n<div class=\"card-footer\">\r\n<div class=\"col-sm-12 text-center\"><a href=\"https:\/\/www.sf.gov\/apply-train-career-hospitality\"><button class=\"btn btn-primary btn-lg center-block learn-more-button\" type=\"button\">Ent\u00e9rese m\u00e1s<\/button><\/a><\/div>\r\n<\/div>\r\n<\/div>\r\n<div class=\"card mx-auto\"><a href=\"https:\/\/oewd.org\/tech-sf\" target=\"_blank\" rel=\"noopener\"> <img decoding=\"async\" class=\"card-img-top\" title=\"Sector tecnol\u00f3gico\" src=\"https:\/\/workforcelinksf.org\/wp-content\/uploads\/2020\/12\/new_sf_icons_tech.png\" alt=\"Tech\" \/><\/a>\r\n<div class=\"card-body\">\r\n<h2 class=\"card-title\">Sector tecnol\u00f3gico<\/h2>\r\n<p class=\"card-text\">TechSF brinda servicios de educaci\u00f3n, capacitaci\u00f3n y b\u00fasqueda de empleos dentro de la creciente industria tecnol\u00f3gica de San Francisco.<\/p>\r\n<\/div>\r\n<div class=\"card-footer\">\r\n<div class=\"col-sm-12 text-center\"><a href=\"https:\/\/www.sf.gov\/apply-train-career-technology\"><button class=\"btn btn-primary btn-lg center-block learn-more-button\" type=\"button\">Ent\u00e9rese m\u00e1s<\/button><\/a><\/div>\r\n<\/div>\r\n<\/div>\r\n<\/div>\r\n<\/div>\r\n<\/div>\r\n<div class=\"container\">\r\n<div class=\"row\">\r\n<div class=\"col-sm-8 offset-sm-2 text-center section-five\">\r\n<h1>UNA ECONOM\u00cdA DIVERSA PARA UNA CIUDAD DIVERSA<\/h1>\r\n<\/div>\r\n<\/div>\r\n<\/div>\r\n<div class=\"container\">\r\n<div class=\"row section-five-buttons\">\r\n<div class=\"col-sm-6 text-right\"><a href=\"https:\/\/workforcelinksf.org\/es\/login-links\/\"><button class=\"btn btn-secondary btn-md restricted-block left-pill-button\" style=\"white-space: pre;\" type=\"button\">Obtener empleo<\/button><\/a><\/div>\r\n<div class=\"col-sm-6 text-left\"><a href=\"https:\/\/workforcelinksf.org\/es\/employer\/\"><button class=\"btn btn-secondary btn-md restricted-block right-pill-button\" style=\"white-space: pre;\" type=\"button\">Contratar a un candidato<\/button><\/a><\/div>\r\n<\/div>\r\n<\/div>","protected":false},"excerpt":{"rendered":"<p>Applying for a job is as easy as 1 Sign Up Complete profile and registration 2 Search Search for the perfect job 3 Apply Submit your application Sign Up Already have an account? Hot Jobs Check out recent job postings from the past 10 Days. View MoreHot Jobs View AllJobs Resources Available to Job Seekers [&hellip;]<\/p>","protected":false},"author":1,"featured_media":0,"parent":0,"menu_order":0,"comment_status":"closed","ping_status":"closed","template":"","meta":{"footnotes":""},"class_list":["post-189","page","type-page","status-publish","hentry"],"_links":{"self":[{"href":"http:\/\/workforcelinksf.org\/es\/wp-json\/wp\/v2\/pages\/189","targetHints":{"allow":["GET"]}}],"collection":[{"href":"http:\/\/workforcelinksf.org\/es\/wp-json\/wp\/v2\/pages"}],"about":[{"href":"http:\/\/workforcelinksf.org\/es\/wp-json\/wp\/v2\/types\/page"}],"author":[{"embeddable":true,"href":"http:\/\/workforcelinksf.org\/es\/wp-json\/wp\/v2\/users\/1"}],"replies":[{"embeddable":true,"href":"http:\/\/workforcelinksf.org\/es\/wp-json\/wp\/v2\/comments?post=189"}],"version-history":[{"count":56,"href":"http:\/\/workforcelinksf.org\/es\/wp-json\/wp\/v2\/pages\/189\/revisions"}],"predecessor-version":[{"id":1146,"href":"http:\/\/workforcelinksf.org\/es\/wp-json\/wp\/v2\/pages\/189\/revisions\/1146"}],"wp:attachment":[{"href":"http:\/\/workforcelinksf.org\/es\/wp-json\/wp\/v2\/media?parent=189"}],"curies":[{"name":"wp","href":"https:\/\/api.w.org\/{rel}","templated":true}]}}