{"id":160,"date":"2020-12-16T02:33:56","date_gmt":"2020-12-16T02:33:56","guid":{"rendered":"https:\/\/workforcelinksf.org\/?page_id=160"},"modified":"2023-11-15T07:36:42","modified_gmt":"2023-11-15T07:36:42","slug":"home","status":"publish","type":"page","link":"https:\/\/workforcelinksf.org\/es\/","title":{"rendered":"INICIO"},"content":{"rendered":"<!-- <a target=\"_blank\" href=\"https:\/\/workforcelink.force.com\/eventregistration\/s\/?eventId=a0h4U00001O7Hmn\" rel=\"noopener\"><img decoding=\"async\" style=\"display: block;\r\n  margin-left: auto;\r\n  margin-right: auto;\r\nmargin-top: 5%;\r\n  max-width: 85%;\r\n  height: auto;\" src=\"https:\/\/workforcelinksf.org\/wp-content\/uploads\/2023\/03\/2nd-Annual-Hospitality-Small-Business-Job-Fair-04-12-2023-Flyer-1-scaled.jpg\"><\/a> -->\r\n<div class=\"tagline\"><br \/>\r\n<h1>CONECTANDO<\/h1>\r\n<h2 class=\"tagline-sub\">Buscadores de Empleo y Empleadores<\/h2>\r\n<\/div>\r\n\r\n\r\n<!-- <div class=\"container\">\r\n\t<div class=\"row\">\r\n\t\t<div class=\"section-one\">\r\n\t\t\t<div id=\"two-div-wrapper\">\r\n\t\t\t\t<div id=\"two-div-div1\">\r\n\t\t\t\t\t<img decoding=\"async\" src=\"https:\/\/workforcelinksf.org\/wp-content\/uploads\/2020\/12\/workforce_logo-color.png\" class=\"img-fluid\" alt=\"Workforce\" title=\"Workforce\">\r\n\t\t\t\t<\/div>\r\n\t\t\t\t<div id=\"two-div-div2\">\r\n\t\t\t\t\t<h1>Your Workforce Solutions in one place<\/h1>\r\n\t\t\t\t<\/div>\r\n\t\t\t<\/div>\r\n\t\t<\/div>\r\n\t<\/div>\r\n<\/div> \r\n-->\r\n<div class=\"container\">\r\n<div class=\"row\">\r\n<div class=\"col-sm-12 text-center\">\r\n<p>Bienvenido a WorkforceLinkSF<\/p>\r\n<\/div>\r\n<div class=\"col-sm-10 offset-sm-1 text-center\">\r\n<p>La Oficina de Desarrollo Econ\u00f3mico y Fuerza Laboral sirve a las personas buscadoras de empleo de San Francisco, ofreci\u00e9ndoles una gama de servicios que incluyen oportunidades de empleo, acceso a servicios personalizados de contrataci\u00f3n, y conexi\u00f3n de candidatos con empleos en base a habilidades e intereses. Tambi\u00e9n ofrecemos a los empleadores de San Francisco servicios para atraer, hacer crecer, y retener una fuerza laboral diversa.<\/p>\r\n<\/div>\r\n<\/div>\r\n<\/div>\r\n\r\n<div class=\"container\">\r\n<div class=\"row\">\r\n<div class=\"col-sm-12 text-center section-four-title\">\r\n<h1>Upcoming Events<\/h1>\r\n<p>Check out upcoming events in next 30 Days.<\/p>\r\n<\/div>\r\n<\/div>\r\n<div class=\"event-slider slider\"><div class=\"event-slide\"><div class=\"event-box\"><a href=\"\/es\/events\/a0hUW00000A82wYYAR\/\"><img decoding=\"async\" src=\"https:\/\/workforcelinksf.file.force.com\/sfc\/dist\/version\/download\/?oid=00D2E000000prJA&ids=068UW000013MiTG&d=%2Fa%2FUW000009WRSv%2FAiCNyqq6KzIzp0DczU9C8Pp_YZuZAY9_.NicYNPSkSM&asPdf=false\" type=\"PNG\" class=\"img-fluid\" \/><\/a><div class=\"event-content\"><div class=\"event-header\"><div class=\"date-box\"><strong class=\"date-title\">May<\/strong><strong class=\"date-value\">01<\/strong><\/div><div class=\"textbox\"><h2 class=\"title\"><a href=\"\/es\/events\/a0hUW00000A82wYYAR\/\">TLGBQ+ Career Fair<\/a><\/h2><\/div><\/div><p>TLGBQ+ Career Fair (Spring 2026)Friday, May 1 @ 12pm - 3pmWhen:\u00a0Friday, May 1st, 2026 | 12-3 PMWher...<\/p><div class=\"d-flex justify-content-between align-items-end\"><div class=\"btn-container-left\"><button type=\"button\" class=\"btn top-yellowish-pill-button\"><a href=\"\/es\/sfcenter.org\/careerfair2026\/\" target=\"_blank\">Register<\/a><\/button><\/div><div class=\"btn-container-right\"><button type=\"button\" class=\"btn top-dark-blue-pill-button\"><a href=\"https:\/\/workforcelinksf.file.force.com\/sfc\/dist\/version\/download\/?oid=00D2E000000prJA&ids=068UW000013MiTG&d=%2Fa%2FUW000009WRSv%2FAiCNyqq6KzIzp0DczU9C8Pp_YZuZAY9_.NicYNPSkSM&asPdf=false\" download=\"TLGBQ+ Career Fair (Spring 2026)\">Download Flyer<\/a><\/button><\/div><\/div><\/div><\/div><\/div><div class=\"event-slide\"><div class=\"event-box\"><a href=\"\/es\/events\/a0hUW00000AANiLYAX\/\"><img decoding=\"async\" src=\"https:\/\/workforcelinksf.file.force.com\/sfc\/dist\/version\/download\/?oid=00D2E000000prJA&ids=068UW000013fdHl&d=%2Fa%2FUW000009Z2Px%2FnfErL2QUkRMfvHaVq5A81ZFcogTMQtZPkffM5RGiBTk&asPdf=false\" type=\"JPG\" class=\"img-fluid\" \/><\/a><div class=\"event-content\"><div class=\"event-header\"><div class=\"date-box\"><strong class=\"date-title\">May<\/strong><strong class=\"date-value\">05<\/strong><\/div><div class=\"textbox\"><h2 class=\"title\"><a href=\"\/es\/events\/a0hUW00000AANiLYAX\/\">Navigating Through WorkforceLinkSF<\/a><\/h2><\/div><\/div><p><\/p><div class=\"d-flex justify-content-between align-items-end\"><div class=\"btn-container-left\"><button type=\"button\" class=\"btn top-yellowish-pill-button\"><a href=\"https:\/\/outlook.office365.com\/book\/CareerCenterCounselingatSanFranciscoCityHall@SFGOV1.onmicrosoft.com\/s\/RHRWPJdDCkiQIYjERYsdPA2?ismsaljsauthenabled\" target=\"_blank\">Register<\/a><\/button><\/div><div class=\"btn-container-right\"><button type=\"button\" class=\"btn top-dark-blue-pill-button\"><a href=\"https:\/\/workforcelinksf.file.force.com\/sfc\/dist\/version\/download\/?oid=00D2E000000prJA&ids=068UW000013fdHl&d=%2Fa%2FUW000009Z2Px%2FnfErL2QUkRMfvHaVq5A81ZFcogTMQtZPkffM5RGiBTk&asPdf=false\" download=\"Navigating through WorkforceLinkSF\">Download Flyer<\/a><\/button><\/div><\/div><\/div><\/div><\/div><div class=\"event-slide\"><div class=\"event-box\"><a href=\"\/es\/events\/a0hUW00000A1fWPYAZ\/\"><img decoding=\"async\" src=\"https:\/\/workforcelinksf.file.force.com\/sfc\/dist\/version\/download\/?oid=00D2E000000prJA&ids=068UW000012a3Vz&d=%2Fa%2FUW000009O60f%2FVQkICkb.JqoAN5NbwTZMNSrufC2BXBP0wpBHlNvuarc&asPdf=false\" type=\"PNG\" class=\"img-fluid\" \/><\/a><div class=\"event-content\"><div class=\"event-header\"><div class=\"date-box\"><strong class=\"date-title\">May<\/strong><strong class=\"date-value\">13<\/strong><\/div><div class=\"textbox\"><h2 class=\"title\"><a href=\"\/es\/events\/a0hUW00000A1fWPYAZ\/\">EDD San Francisco Job Fair - May 13, 2026<\/a><\/h2><\/div><\/div><p>EDD San Francisco Workforce Services invites you to attend the EDD San Francisco Job Fair<\/p><div class=\"d-flex justify-content-between align-items-end\"><div class=\"btn-container-left\"><\/div><div class=\"btn-container-right\"><button type=\"button\" class=\"btn top-dark-blue-pill-button\"><a href=\"https:\/\/workforcelinksf.file.force.com\/sfc\/dist\/version\/download\/?oid=00D2E000000prJA&ids=068UW000012a3Vz&d=%2Fa%2FUW000009O60f%2FVQkICkb.JqoAN5NbwTZMNSrufC2BXBP0wpBHlNvuarc&asPdf=false\" download=\"EDD San Francisco Job Fair May 13 2026\">Download Flyer<\/a><\/button><\/div><\/div><\/div><\/div><\/div><\/div>\r\n<\/div>\r\n\r\n<div class=\"container\">\r\n<div class=\"row\">\r\n<div class=\"col-sm-12 text-center section-four-title\">\r\n<div>\r\n<h1>Trabajos Disponibles<\/h1>\r\n<p>Vea nuestras recientes ofertas de empleo en los \u00faltimos diez d\u00edas.<\/p>\r\n<\/div>\r\n<\/div>\r\n<\/div>\r\n<\/div>\r\n\r\n\r\n<!--- <div class=\"container-fluid front-jobs-results\">\r\n<div class=\"row\" style=\"text-align: center !important;\">\r\n<div class=\"section-four-job-blocks\">&nbsp;<\/div>\r\n<\/div>\r\n<\/div> --->\r\n\r\n<div class=\"container-fluid\"><div class=\"arset\"><div class=\"row\" style=\"padding-top: 2%; padding-bottom: 2%;\"><div class=\"col-xl\">\t<div class=\"card h-100\" style=\"max-width: 100%;\">\t\t<div class=\"card-body\">\t\t\t<h2 class=\"card-title\">CDL Driver Class A and\/or B -SFO<\/h2>\t\t\t<p class=\"card-text\"><strong>Company Name: <\/strong>Gate Gourmet - SFO<br \/>\t    \t<strong>Company Location: <\/strong>San Francisco<br \/>\t    \t<strong>Hourly Wage: <\/strong>Min $32.25 - Max $32.25<br \/>\t    \t<strong>Job Type: <\/strong>Full Time Permanent<br \/>\t    \t<strong>Days Open: <\/strong>0<br \/>\t    \t<strong>Encouraged To Apply: <\/strong><br\/>Veterans or Military<br\/>No College Diploma<br\/>Entry Level (0-2 years)<\/p>\t\t<\/div>\t\t<div data-no-translation class=\"card-footer\">\t\t\t<div class=\"row\">\t\t\t\t<div class=\"col-sm-6 text-center\">\t\t\t\t\t<button type=\"button\" class=\"btn btn-primary btn-lg btn-block search-result-white-pill-button\" onclick=\"window.open('https:\/\/workforcelinksf.my.site.com\/JobSeekers\/s\/job-details?language=en_US&recordId=a0OUW00000JiYmD2AV&retURL=https:\/\/workforcelinksf.org\/es\/wp-json\/wp\/v2\/pages\/160','_blank')\" style=\"float: left;\">View Details<\/button>\t\t\t\t<\/div>\t\t\t\t<div class=\"col-sm-6 text-center\">\t\t\t\t\t<button type=\"button\" class=\"btn btn-secondary btn-lg btn-block search-result-red-pill-button\" onclick=\"window.open('https:\/\/workforcelinksf.my.site.com\/JobSeekers\/s\/job\/a0OUW00000JiYmD2AV\/cdl-driver-class-a-andor-b--sfo\/','_blank')\" style=\"float: right;\">Apply<\/button>\t\t\t\t<\/div>\t\t\t<\/div>\t\t<\/div>\t<\/div><\/div><div class=\"col-xl\">\t<div class=\"card h-100\" style=\"max-width: 100%;\">\t\t<div class=\"card-body\">\t\t\t<h2 class=\"card-title\">Bilingual Spanish Teller | Bayview Hunter's Point, R-535601<\/h2>\t\t\t<p class=\"card-text\"><strong>Company Name: <\/strong>Wells Fargo Corporate Recruitment<br \/>\t    \t<strong>Company Location: <\/strong>San Francisco<br \/>\t    \t<strong>Hourly Wage: <\/strong>Min $22.00 - Max $30.19<br \/>\t    \t<strong>Job Type: <\/strong>Full Time Permanent<br \/>\t    \t<strong>Days Open: <\/strong>3<br \/>\t    \t<strong>Encouraged To Apply: <\/strong><br\/>Veterans or Military<br\/>Older Adults(50yrs plus)<br\/>No College Diploma<br\/>Individuals with Disability<\/p>\t\t<\/div>\t\t<div data-no-translation class=\"card-footer\">\t\t\t<div class=\"row\">\t\t\t\t<div class=\"col-sm-6 text-center\">\t\t\t\t\t<button type=\"button\" class=\"btn btn-primary btn-lg btn-block search-result-white-pill-button\" onclick=\"window.open('https:\/\/workforcelinksf.my.site.com\/JobSeekers\/s\/job-details?language=en_US&recordId=a0OUW00000Jh2Ev2AJ&retURL=https:\/\/workforcelinksf.org\/es\/wp-json\/wp\/v2\/pages\/160','_blank')\" style=\"float: left;\">View Details<\/button>\t\t\t\t<\/div>\t\t\t\t<div class=\"col-sm-6 text-center\">\t\t\t\t\t<button type=\"button\" class=\"btn btn-secondary btn-lg btn-block search-result-red-pill-button\" onclick=\"window.open('https:\/\/workforcelinksf.my.site.com\/JobSeekers\/s\/job\/a0OUW00000Jh2Ev2AJ\/bilingual-spanish-teller-|-bayview-hunter's-point,-r-535601\/','_blank')\" style=\"float: right;\">Apply<\/button>\t\t\t\t<\/div>\t\t\t<\/div>\t\t<\/div>\t<\/div><\/div><div class=\"col-xl\">\t<div class=\"card h-100\" style=\"max-width: 100%;\">\t\t<div class=\"card-body\">\t\t\t<h2 class=\"card-title\">Room Attendant - The Argonaut<\/h2>\t\t\t<p class=\"card-text\"><strong>Company Name: <\/strong>Noble House Hotels and Resorts - Hotel Argonaut<br \/>\t    \t<strong>Company Location: <\/strong>San Francisco<br \/>\t    \t<strong>Hourly Wage: <\/strong>Min $32.00 - Max $32.00<br \/>\t    \t<strong>Job Type: <\/strong>Part Time Permanent<br \/>\t    \t<strong>Days Open: <\/strong>3<br \/>\t    \t<strong>Encouraged To Apply: <\/strong><br\/>No College Diploma<\/p>\t\t<\/div>\t\t<div data-no-translation class=\"card-footer\">\t\t\t<div class=\"row\">\t\t\t\t<div class=\"col-sm-6 text-center\">\t\t\t\t\t<button type=\"button\" class=\"btn btn-primary btn-lg btn-block search-result-white-pill-button\" onclick=\"window.open('https:\/\/workforcelinksf.my.site.com\/JobSeekers\/s\/job-details?language=en_US&recordId=a0OUW00000Jh1M72AJ&retURL=https:\/\/workforcelinksf.org\/es\/wp-json\/wp\/v2\/pages\/160','_blank')\" style=\"float: left;\">View Details<\/button>\t\t\t\t<\/div>\t\t\t\t<div class=\"col-sm-6 text-center\">\t\t\t\t\t<button type=\"button\" class=\"btn btn-secondary btn-lg btn-block search-result-red-pill-button\" onclick=\"window.open('https:\/\/workforcelinksf.my.site.com\/JobSeekers\/s\/job\/a0OUW00000Jh1M72AJ\/room-attendant---the-argonaut\/','_blank')\" style=\"float: right;\">Apply<\/button>\t\t\t\t<\/div>\t\t\t<\/div>\t\t<\/div>\t<\/div><\/div><\/div><\/div><div class=\"arset\"><div class=\"row\" style=\"padding-top: 2%; padding-bottom: 2%;\"><div class=\"col-xl\">\t<div class=\"card h-100\" style=\"max-width: 100%;\">\t\t<div class=\"card-body\">\t\t\t<h2 class=\"card-title\">Restaurant Supervisor<\/h2>\t\t\t<p class=\"card-text\"><strong>Company Name: <\/strong>Noble House Hotels and Resorts - Hotel Argonaut<br \/>\t    \t<strong>Company Location: <\/strong>San Francisco<br \/>\t    \t<strong>Hourly Wage: <\/strong>Min $30.00 - Max $30.00<br \/>\t    \t<strong>Job Type: <\/strong>Full Time Permanent<br \/>\t    \t<strong>Days Open: <\/strong>3<br \/>\t    \t<strong>Encouraged To Apply: <\/strong><br\/>No College Diploma<\/p>\t\t<\/div>\t\t<div data-no-translation class=\"card-footer\">\t\t\t<div class=\"row\">\t\t\t\t<div class=\"col-sm-6 text-center\">\t\t\t\t\t<button type=\"button\" class=\"btn btn-primary btn-lg btn-block search-result-white-pill-button\" onclick=\"window.open('https:\/\/workforcelinksf.my.site.com\/JobSeekers\/s\/job-details?language=en_US&recordId=a0OUW00000Jh1lt2AB&retURL=https:\/\/workforcelinksf.org\/es\/wp-json\/wp\/v2\/pages\/160','_blank')\" style=\"float: left;\">View Details<\/button>\t\t\t\t<\/div>\t\t\t\t<div class=\"col-sm-6 text-center\">\t\t\t\t\t<button type=\"button\" class=\"btn btn-secondary btn-lg btn-block search-result-red-pill-button\" onclick=\"window.open('https:\/\/workforcelinksf.my.site.com\/JobSeekers\/s\/job\/a0OUW00000Jh1lt2AB\/restaurant-supervisor\/','_blank')\" style=\"float: right;\">Apply<\/button>\t\t\t\t<\/div>\t\t\t<\/div>\t\t<\/div>\t<\/div><\/div><div class=\"col-xl\">\t<div class=\"card h-100\" style=\"max-width: 100%;\">\t\t<div class=\"card-body\">\t\t\t<h2 class=\"card-title\">Director of Finance<\/h2>\t\t\t<p class=\"card-text\"><strong>Company Name: <\/strong>Noble House Hotels and Resorts - Hotel Argonaut<br \/>\t    \t<strong>Company Location: <\/strong>San Francisco<br \/>\t    \t<strong>Hourly Wage: <\/strong>Min $84.13 - Max $88.94<br \/>\t    \t<strong>Job Type: <\/strong>Full Time Permanent<br \/>\t    \t<strong>Days Open: <\/strong>3<br \/>\t    \t<strong>Encouraged To Apply: <\/strong><br\/>Veterans or Military<br\/>Older Adults(50yrs plus)<\/p>\t\t<\/div>\t\t<div data-no-translation class=\"card-footer\">\t\t\t<div class=\"row\">\t\t\t\t<div class=\"col-sm-6 text-center\">\t\t\t\t\t<button type=\"button\" class=\"btn btn-primary btn-lg btn-block search-result-white-pill-button\" onclick=\"window.open('https:\/\/workforcelinksf.my.site.com\/JobSeekers\/s\/job-details?language=en_US&recordId=a0OUW00000Jh1KT2AZ&retURL=https:\/\/workforcelinksf.org\/es\/wp-json\/wp\/v2\/pages\/160','_blank')\" style=\"float: left;\">View Details<\/button>\t\t\t\t<\/div>\t\t\t\t<div class=\"col-sm-6 text-center\">\t\t\t\t\t<button type=\"button\" class=\"btn btn-secondary btn-lg btn-block search-result-red-pill-button\" onclick=\"window.open('https:\/\/workforcelinksf.my.site.com\/JobSeekers\/s\/job\/a0OUW00000Jh1KT2AZ\/director-of-finance\/','_blank')\" style=\"float: right;\">Apply<\/button>\t\t\t\t<\/div>\t\t\t<\/div>\t\t<\/div>\t<\/div><\/div><div class=\"col-xl\">\t<div class=\"card h-100\" style=\"max-width: 100%;\">\t\t<div class=\"card-body\">\t\t\t<h2 class=\"card-title\">Director of Sales & Marketing<\/h2>\t\t\t<p class=\"card-text\"><strong>Company Name: <\/strong>Noble House Hotels and Resorts - Hotel Argonaut<br \/>\t    \t<strong>Company Location: <\/strong>San Francisco<br \/>\t    \t<strong>Hourly Wage: <\/strong>Min $84.13 - Max $88.94<br \/>\t    \t<strong>Job Type: <\/strong>Full Time Permanent<br \/>\t    \t<strong>Days Open: <\/strong>3<br \/>\t    \t<strong>Encouraged To Apply: <\/strong><br\/>Veterans or Military<br\/>Older Adults(50yrs plus)<\/p>\t\t<\/div>\t\t<div data-no-translation class=\"card-footer\">\t\t\t<div class=\"row\">\t\t\t\t<div class=\"col-sm-6 text-center\">\t\t\t\t\t<button type=\"button\" class=\"btn btn-primary btn-lg btn-block search-result-white-pill-button\" onclick=\"window.open('https:\/\/workforcelinksf.my.site.com\/JobSeekers\/s\/job-details?language=en_US&recordId=a0OUW00000Jh0t32AB&retURL=https:\/\/workforcelinksf.org\/es\/wp-json\/wp\/v2\/pages\/160','_blank')\" style=\"float: left;\">View Details<\/button>\t\t\t\t<\/div>\t\t\t\t<div class=\"col-sm-6 text-center\">\t\t\t\t\t<button type=\"button\" class=\"btn btn-secondary btn-lg btn-block search-result-red-pill-button\" onclick=\"window.open('https:\/\/workforcelinksf.my.site.com\/JobSeekers\/s\/job\/a0OUW00000Jh0t32AB\/director-of-sales-&-marketing\/','_blank')\" style=\"float: right;\">Apply<\/button>\t\t\t\t<\/div>\t\t\t<\/div>\t\t<\/div>\t<\/div><\/div><\/div><\/div><\/div>\n\r\n\r\n\r\n<div class=\"container\">\r\n<div class=\"row section-four-buttons\">\r\n\r\n<div class=\"col-sm-6 text-right\"><button type=\"button\" style=\"white-space: pre\" class=\"btn btn-primary btn-md restricted-block left-pill-button\" onclick=\"location.href='view-more-hot-jobs?Industry=ALL&#038;JobType=ALL&#038;HourlyWageMinimum=ALL&#038;EncouragedToApply=ALL&#038;DaysOpen=ALL'\">View More<br> Trabajos Disponibles<\/button><\/div>\r\n<div class=\"col-sm-6 text-left\"><button type=\"button\" style=\"white-space: pre\" class=\"btn btn-secondary btn-md restricted-block right-pill-button\" onclick=\"location.href='view-all-jobs?Industry=ALL&#038;JobType=ALL&#038;HourlyWageMinimum=ALL&#038;EncouragedToApply=ALL&#038;DaysOpen=ALL'\">View All<br> Trabajos<\/button><\/div>\r\n\r\n<!--\r\n<div class=\"col-sm-6 text-right\"><button type=\"button\" style=\"white-space: pre\" class=\"btn btn-primary btn-md restricted-block left-pill-button\" onclick=\"location.href='view-more-hot-jobs?Industry=ALL&JobType=ALL&HourlyWageMinimum=ALL&DaysOpen=ALL'\">View More<br> Hot Jobs<\/button><\/div>\r\n<div class=\"col-sm-6 text-left\"><button type=\"button\" style=\"white-space: pre\" class=\"btn btn-secondary btn-md restricted-block right-pill-button\" onclick=\"location.href='view-all-jobs?Industry=ALL&JobType=ALL&HourlyWageMinimum=ALL&DaysOpen=ALL'\">View All<br> Jobs<\/button><\/div>\r\n-->\r\n<\/div>\r\n<\/div>\r\n\r\n\r\n<div class=\"container\">\r\n<div class=\"row\">\r\n<div class=\"col-sm-12 text-center section-three-title\">\r\n<h1>\u00bfPOR QU\u00c9 WORKFORCELINK?<\/h1>\r\n<\/div>\r\n<\/div>\r\n<\/div>\r\n\r\n\r\n\r\n<div id=\"f-workforce-link-three-columns\" class=\"container-fluid front-three-block\">\r\n<div class=\"row text-center\">\r\n<div class=\"col\">\r\n<div class=\"col-sm-12 text-center\"><img decoding=\"async\" title=\"Conectamos Buscadores de Empleo\" src=\"https:\/\/workforcelinksf.org\/wp-content\/uploads\/2020\/12\/new-SF-icons_WEB-Connect.png\" alt=\"We Connect Job Seekers\" \/><\/div>\r\n<div class=\"col-sm-10 offset-sm-1 text-center\">\r\n<h2>Conectamos Buscadores de Empleo<\/h2>\r\n<\/div>\r\n<div class=\"col-sm-12 text-center\">\r\n<p>Conectamos buscadores de empleo con las mejores oportunidades de trabajo para ayudarles a alcanzar sus objetivos de carrera y una autosuficiencia econ\u00f3mica.<\/p>\r\n<\/div>\r\n<\/div>\r\n<div class=\"col\">\r\n<div class=\"col-sm-12 text-center\"><img decoding=\"async\" title=\"Customized Recruitment Services\" src=\"https:\/\/workforcelinksf.org\/wp-content\/uploads\/2020\/12\/new_sf_icons_cmnt_myhires.png\" alt=\"Customized Recruitment Services\" \/><\/div>\r\n<div class=\"col-sm-12 text-center\">\r\n<h2>Servicios del empleador<\/h2>\r\n<\/div>\r\n<div class=\"col-sm-12 text-center\">\r\n<p>Le brindamos a los empleadores servicios personalizados de contrataci\u00f3n para encontrar el talento apropiado que har\u00e1 crecer y sostener sus empresas.<\/p>\r\n<\/div>\r\n<\/div>\r\n<div class=\"col\">\r\n<div class=\"col-sm-12 text-center\"><img decoding=\"async\" title=\"Diverse Economy\" src=\"https:\/\/workforcelinksf.org\/wp-content\/uploads\/2020\/12\/new-SF-icons_WEB-forEconomy.png\" alt=\"Diverse Economy\" \/><\/div>\r\n<div class=\"col-sm-10 offset-sm-1 text-center\">\r\n<h2>Para una Econom\u00eda Diversa<\/h2>\r\n<\/div>\r\n<div class=\"col-sm-12 text-center\">\r\n<p>Los buscadores de trabajo necesidades de empleo pueden acceder a diversas industrias y participar en la econom\u00eda del Siglo XXI.<\/p>\r\n<\/div>\r\n<\/div>\r\n<\/div>\r\n<\/div>\r\n\r\n\r\n\r\n<div class=\"container\">\r\n<div class=\"row\">\r\n<div class=\"col-sm-12 text-center\">\r\n<div class=\"col-sm-12 text-center\"><button class=\"btn btn-rounded btn-md page-yellowish-pill-button\" onclick=\"location.href='signup-links\/'\">Registrarse<\/button><\/div>\r\n<div class=\"col-sm-12 text-center section-three-bottom\"><a href=\"https:\/\/workforcelinksf.org\/es\/login-links\/\" target=\"_blank\" rel=\"noopener noreferrer\">\u00bfYa tiene una cuenta?<\/a><\/div>\r\n<\/div>\r\n<\/div>\r\n<\/div>\r\n\r\n\r\n<div class=\"container\">\r\n<div class=\"row\">\r\n<div class=\"col-sm-8 offset-sm-2 text-center section-five bottom-tagline\">\r\n<h1>UNA ECONOM\u00cdA DIVERSA PARA UNA CIUDAD DIVERSA<\/h1>\r\n<\/div>\r\n<\/div>\r\n<\/div>\r\n<div class=\"container\">\r\n<div class=\"row section-five-buttons\">\r\n<div class=\"col-sm-6 text-right\"><button class=\"btn btn-secondary btn-md restricted-block left-pill-button\" onclick=\"location.href='job-seekers\/'\" type=\"button\" style=\"white-space: pre\">Get A<br> Trabajo<\/button><\/div>\r\n<div class=\"col-sm-6 text-left\"><button class=\"btn btn-secondary btn-md restricted-block right-pill-button\" onclick=\"location.href='employer\/'\" type=\"button\" style=\"white-space: pre\">Hire A<br> Candidato<\/button><\/div>\r\n<\/div>\r\n<\/div>","protected":false},"excerpt":{"rendered":"<p>Connecting Job Seekers and Employers Welcome to WorkforceLinkSF The Office of Economic and Workforce Development serves San Francisco job seekers by offering a range of services including employment opportunities, access to customized recruitment services, and matching candidates with jobs based on skillset and interest. We also offer San Francisco employers with hiring services to attract, [&hellip;]<\/p>","protected":false},"author":1,"featured_media":0,"parent":0,"menu_order":0,"comment_status":"closed","ping_status":"closed","template":"","meta":{"footnotes":""},"class_list":["post-160","page","type-page","status-publish","hentry"],"_links":{"self":[{"href":"https:\/\/workforcelinksf.org\/es\/wp-json\/wp\/v2\/pages\/160","targetHints":{"allow":["GET"]}}],"collection":[{"href":"https:\/\/workforcelinksf.org\/es\/wp-json\/wp\/v2\/pages"}],"about":[{"href":"https:\/\/workforcelinksf.org\/es\/wp-json\/wp\/v2\/types\/page"}],"author":[{"embeddable":true,"href":"https:\/\/workforcelinksf.org\/es\/wp-json\/wp\/v2\/users\/1"}],"replies":[{"embeddable":true,"href":"https:\/\/workforcelinksf.org\/es\/wp-json\/wp\/v2\/comments?post=160"}],"version-history":[{"count":125,"href":"https:\/\/workforcelinksf.org\/es\/wp-json\/wp\/v2\/pages\/160\/revisions"}],"predecessor-version":[{"id":1017,"href":"https:\/\/workforcelinksf.org\/es\/wp-json\/wp\/v2\/pages\/160\/revisions\/1017"}],"wp:attachment":[{"href":"https:\/\/workforcelinksf.org\/es\/wp-json\/wp\/v2\/media?parent=160"}],"curies":[{"name":"wp","href":"https:\/\/api.w.org\/{rel}","templated":true}]}}