{"id":181,"date":"2020-12-16T03:04:21","date_gmt":"2020-12-16T03:04:21","guid":{"rendered":"https:\/\/workforcelinksf.org\/?page_id=181"},"modified":"2021-08-19T11:04:27","modified_gmt":"2021-08-19T11:04:27","slug":"about","status":"publish","type":"page","link":"https:\/\/workforcelinksf.org\/vi\/about\/","title":{"rendered":"V\u1ec0 CH\u00daNG T\u00d4I"},"content":{"rendered":"<div id=\"about-page\">\n<div class=\"row\" id=\"about-top\">\n<\/div>\n\t\t<div class=\"col-sm-12 text-center dark-section-title\"> \n\t\t\t<h1 class=\"about-h1\">Nhi\u1ec7m v\u1ee5 C\u1ee7a ch\u00fang t\u00f4i<\/h1>\n\t\t<\/div>\n\t\n\n\t<div class=\"row\">\n\t\t<div class=\"text-center section-text\"> \n\t\t\t<p>V\u0103n ph\u00f2ng Ph\u00e1t tri\u1ec3n Kinh t\u1ebf v\u00e0 Lao \u0111\u1ed9ng (OEWD) x\u00fac ti\u1ebfn s\u1ef1 th\u1ecbnh v\u01b0\u1ee3ng chung v\u00e0 c\u00f4ng b\u1eb1ng cho ng\u01b0\u1eddi d\u00e2n San Francisco b\u1eb1ng c\u00e1ch ph\u00e1t tri\u1ec3n c\u00e1c vi\u1ec7c l\u00e0m b\u1ec1n v\u1eefng, h\u1ed7 tr\u1ee3 c\u00e1c doanh nghi\u1ec7p m\u1ecdi quy m\u00f4, t\u1ea1o ra nh\u1eefng n\u01a1i tuy\u1ec7t v\u1eddi \u0111\u1ec3 s\u1ed1ng v\u00e0 l\u00e0m vi\u1ec7c, c\u0169ng nh\u01b0 gi\u00fap \u0111\u1ee1 m\u1ecdi ng\u01b0\u1eddi \u0111\u1ea1t \u0111\u01b0\u1ee3c kh\u1ea3 n\u0103ng t\u1ef1 cung c\u1ea5p v\u1ec1 kinh t\u1ebf.<\/p>\n\t\t<\/div>\n\t<\/div>\n\n\t<div class=\"row\">\n\t\t<div class=\"col-sm-12 text-center dark-section-title\"> \n\t\t\t<h1 class=\"about-h1\">D\u1ecbch v\u1ee5 c\u1ee7a Ch\u00fang T\u00f4i<\/h1>\n\t\t<\/div>\n\t<\/div>\n\n\t<div class=\"row\">\n\t\t<div class=\"text-center section-text\">\n\t\t\t<p>C\u00e1c ch\u01b0\u01a1ng tr\u00ecnh c\u1ee7a OEWD ch\u1ecbu tr\u00e1ch nhi\u1ec7m c\u1ee7ng c\u1ed1 c\u00e1c khu d\u00e2n c\u01b0 \u0111a d\u1ea1ng v\u00e0 c\u00e1c h\u00e0nh lang th\u01b0\u01a1ng m\u1ea1i c\u1ee7a San Francisco, t\u1ea1o ra m\u00f4i tr\u01b0\u1eddng kinh doanh trong \u0111\u00f3 c\u00e1c doanh nghi\u1ec7p c\u00f3 th\u1ec3 ph\u00e1t tri\u1ec3n v\u00e0 th\u1ecbnh v\u01b0\u1ee3ng, v\u00e0 \u0111\u1ea3m b\u1ea3o m\u1ee9c s\u1ed1ng cao \u0111\u01b0\u1ee3c duy tr\u00ec cho t\u1ea5t c\u1ea3 m\u1ecdi ng\u01b0\u1eddi t\u1ea1i San Francisco.<\/p>\n\t\t\t<p>Qua vi\u1ec7c \u0111\u01b0a ra m\u1ed9t \u0111\u1ecba \u0111i\u1ec3m li\u00ean l\u1ea1c cho nhi\u1ec1u ch\u01b0\u01a1ng tr\u00ecnh v\u00e0 d\u1ecbch v\u1ee5 c\u1ea7n thi\u1ebft c\u1ee7a Th\u00e0nh ph\u1ed1, m\u1ee5c ti\u00eau c\u1ee7a OEWD l\u00e0 \u0111\u1ea3m b\u1ea3o r\u1eb1ng San Francisco s\u1ebd lu\u00f4n nh\u01b0 hi\u1ec7n nay: l\u00e0 m\u1ed9t trong nh\u1eefng n\u01a1i t\u1ed1t nh\u1ea5t tr\u00ean h\u00e0nh tinh n\u00e0y \u0111\u1ec3 sinh s\u1ed1ng, l\u00e0m vi\u1ec7c, v\u00e0 vui ch\u01a1i.<\/p>\n\t\t<\/div>\n\t<\/div>\n\n\t<div class=\"row\">\n\t\t<div class=\"col-sm-12 text-center dark-section-title\"> \n\t\t\t<h1 class=\"about-h1\">T\u01b0\u01a1ng lai C\u1ee7a ch\u00fang t\u00f4i<\/h1>\n\t\t<\/div>\n\t<\/div>\n\n\t<div class=\"row\">\n\t\t<div class=\"text-center section-text\"> \n\t\t\t<p>T\u01b0\u01a1ng lai c\u1ee7a ch\u00fang t\u00f4i l\u00e0 \u0111em l\u1ea1i c\u00e1c c\u01a1 h\u1ed9i ngh\u1ec1 nghi\u1ec7p b\u1ec1n v\u1eefng cho ng\u01b0\u1eddi d\u00e2n t\u1ea1i San Francisco \u0111\u1ec3 gi\u00fap h\u1ecd ph\u00e1t tri\u1ec3n s\u1ef1 nghi\u1ec7p v\u00e0 \u0111\u1ea1t \u0111\u1ebfn m\u1ee5c ti\u00eau t\u1ef1 cung c\u1ea5p cho m\u00ecnh. Th\u00eam v\u00e0o \u0111\u00f3, ch\u00fang t\u00f4i cung c\u1ea5p cho c\u00e1c doanh nghi\u1ec7p t\u1ea1i San Francisco nhi\u1ec1u d\u1ecbch v\u1ee5 \u0111\u1ec3 th\u00fac \u0111\u1ea9y s\u1ef1 s\u1ed1ng c\u00f2n v\u1ec1 m\u1eb7t kinh t\u1ebf c\u1ee7a h\u1ecd.<\/p>\n\t\t<\/div>\n\t<\/div>\n<\/div>","protected":false},"excerpt":{"rendered":"<p>Our Mission The Office of Economic and Workforce Development (OEWD) advances equitable and shared prosperity for San Franciscans by growing sustainable jobs, supporting businesses of all sizes, creating great places to live and work, and helping everyone achieve economic self-sufficiency. Our Services OEWD&#8217;s programs are responsible for strengthening San Francisco&#8217;s many diverse neighborhoods and commercial [&hellip;]<\/p>","protected":false},"author":1,"featured_media":0,"parent":0,"menu_order":0,"comment_status":"closed","ping_status":"closed","template":"","meta":{"footnotes":""},"class_list":["post-181","page","type-page","status-publish","hentry"],"_links":{"self":[{"href":"https:\/\/workforcelinksf.org\/vi\/wp-json\/wp\/v2\/pages\/181","targetHints":{"allow":["GET"]}}],"collection":[{"href":"https:\/\/workforcelinksf.org\/vi\/wp-json\/wp\/v2\/pages"}],"about":[{"href":"https:\/\/workforcelinksf.org\/vi\/wp-json\/wp\/v2\/types\/page"}],"author":[{"embeddable":true,"href":"https:\/\/workforcelinksf.org\/vi\/wp-json\/wp\/v2\/users\/1"}],"replies":[{"embeddable":true,"href":"https:\/\/workforcelinksf.org\/vi\/wp-json\/wp\/v2\/comments?post=181"}],"version-history":[{"count":14,"href":"https:\/\/workforcelinksf.org\/vi\/wp-json\/wp\/v2\/pages\/181\/revisions"}],"predecessor-version":[{"id":768,"href":"https:\/\/workforcelinksf.org\/vi\/wp-json\/wp\/v2\/pages\/181\/revisions\/768"}],"wp:attachment":[{"href":"https:\/\/workforcelinksf.org\/vi\/wp-json\/wp\/v2\/media?parent=181"}],"curies":[{"name":"wp","href":"https:\/\/api.w.org\/{rel}","templated":true}]}}