{"id":185,"date":"2020-12-16T03:04:54","date_gmt":"2020-12-16T03:04:54","guid":{"rendered":"https:\/\/workforcelinksf.org\/?page_id=185"},"modified":"2025-08-12T16:00:29","modified_gmt":"2025-08-12T23:00:29","slug":"employer","status":"publish","type":"page","link":"https:\/\/workforcelinksf.org\/vi\/employer\/","title":{"rendered":"NH\u00c0 TUY\u1ec2N D\u1ee4NG"},"content":{"rendered":"<div class=\"row\"><br \/>\r\n<div class=\"col-sm-12 text-center top-title-marg\"><img decoding=\"async\" id=\"Workforce\" title=\"Workforce\" src=\"https:\/\/workforcelinksf.org\/wp-content\/uploads\/2021\/03\/WorkforceLinkSF-logo-dark.png\" alt=\"Workforce\" \/><\/div>\r\n<\/div>\r\n<div class=\"row\">\r\n<div class=\"col-sm-12 text-center jem-title-marg\">\r\n<h1>Tuy\u1ec3n d\u1ee5ng t\u1eeb c\u00e1c \u1ee9ng c\u1eed vi\u00ean c\u1ee7a ch\u00fang t\u00f4i d\u1ec5 d\u00e0ng nh\u01b0<\/h1>\r\n<\/div>\r\n<\/div>\r\n<div class=\"row page-steps\">\r\n<div class=\"col-steps\">\r\n<div class=\"col-sm-12 text-center\">\r\n<div class=\"blueNumberCircle\">1<\/div>\r\n<\/div>\r\n<div class=\"col-sm-12 text-center\">\r\n<h2>\u0110\u0103ng K\u00fd<\/h2>\r\n<\/div>\r\n<div class=\"col-sm-12 text-center\">\r\n<p>Ho\u00e0n t\u1ea5t h\u1ed3 s\u01a1 v\u00e0 \u0111\u0103ng k\u00fd<\/p>\r\n<\/div>\r\n<\/div>\r\n<div class=\"col-steps\">\r\n<div class=\"col-sm-12 text-center\">\r\n<div class=\"blueNumberCircle\">2<\/div>\r\n<\/div>\r\n<div class=\"col-sm-12 text-center\">\r\n<h2>\u0110\u0103ng m\u1ed9t v\u1ecb tr\u00ed tuy\u1ec3n d\u1ee5ng<\/h2>\r\n<\/div>\r\n<div class=\"col-sm-12 text-center\">\r\n<p>\u0110\u0103ng v\u1ecb tr\u00ed tuy\u1ec3n d\u1ee5ng c\u1ee7a Qu\u00fd V\u1ecb<\/p>\r\n<\/div>\r\n<\/div>\r\n<div class=\"col-steps\">\r\n<div class=\"col-sm-12 text-center\">\r\n<div class=\"blueNumberCircle\">3<\/div>\r\n<\/div>\r\n<div class=\"col-sm-12 text-center\">\r\n<h2>Tuy\u1ec3n d\u1ee5ng<\/h2>\r\n<\/div>\r\n<div class=\"col-sm-12 text-center\">\r\n<p>Interview a candidate and hire<\/p>\r\n<\/div>\r\n<\/div>\r\n<\/div>\r\n<div class=\"row sign-up-space\">\r\n<div class=\"col-sm-12 text-center\">\r\n<div class=\"col-sm-12 text-center\"><a href=\"https:\/\/workforcelinksf.my.site.com\/employers\/s\/employer-registration\"><button class=\"btn btn-rounded btn-md page-yellowish-pill-button\" type=\"submit\">\u0110\u0103ng K\u00fd<\/button><\/a><\/div>\r\n<div class=\"col-sm-12 text-center section-three-bottom\"><a href=\"https:\/\/workforcelinksf.my.site.com\/employers\/EmployerLogIn\" target=\"_blank\" rel=\"noopener noreferrer\">\u0110\u00e3 C\u00f3 T\u00e0i kho\u1ea3n?<\/a><\/div>\r\n<\/div>\r\n<\/div>\r\n<div class=\"row\">\r\n<div class=\"col-sm-12 text-center dark-section-title\">\r\n<h2>C\u00e1c ngu\u1ed3n vi\u1ec7c l\u00e0m c\u00f3 s\u1eb5n cho Nh\u00e0 Tuy\u1ec3n D\u1ee5ng<\/h2>\r\n<\/div>\r\n<\/div>\r\n<div class=\"row\">\r\n<div class=\"text-center section-text\">\r\n<p>The Office of Economic and Workforce Development assists San Francisco employers in attracting, growing and retaining a diverse workforce. Our Employer Services team provides support services to ensure the long-term prosperity of both workers and employers in San Francisco. We provide employers a pipeline to talented candidates, access to recruitment resources at no cost, and assistance in promoting jobs to thousands of job seekers and to over 120 workforce organizations throughout San Francisco.<\/p>\r\n<\/div>\r\n<\/div>\r\n<div class=\"row first-source-image-head-space\">\r\n<div class=\"col-sm-12 text-center\"><a href=\"https:\/\/oewd.org\/first-source#:~:text=The%20Program%20provides%20a%20ready,level%20jobs%20in%20San%20Francisco\" target=\"_blank\" rel=\"noopener\"> <img decoding=\"async\" id=\"FirstSource\" title=\"First Source\" src=\"https:\/\/workforcelinksf.org\/wp-content\/uploads\/2020\/12\/first_source.png\" alt=\"First Source\" \/> <\/a><\/div>\r\n<\/div>\r\n<div class=\"row\">\r\n<div class=\"text-center section-text\">\r\n<p>Ch\u01b0\u01a1ng tr\u00ecnh tuy\u1ec3n d\u1ee5ng First Source y\u00eau c\u1ea7u r\u1eb1ng c\u00e1c nh\u00e0 ph\u00e1t tri\u1ec3n, nh\u00e0 th\u1ea7u, v\u00e0 nh\u00e0 tuy\u1ec3n d\u1ee5ng \u0111\u01b0a ra nh\u1eefng n\u1ed7 l\u1ef1c thi\u1ec7n ch\u00ed cho vi\u1ec7c tuy\u1ec3n d\u1ee5ng nh\u1eefng c\u01b0 d\u00e2n San Francisco g\u1eb7p kh\u00f3 kh\u0103n v\u1ec1 kinh t\u1ebf cho c\u00e1c v\u1ecb tr\u00ed s\u01a1 kh\u1edfi trong c\u00e1c d\u1ef1 \u00e1n c\u00f3 th\u1ec3 \u00e1p d\u1ee5ng \u0111\u01b0\u1ee3c.<\/p>\r\n<\/div>\r\n<\/div>\r\n<div class=\"row\">\r\n<div class=\"col-sm-12 text-center\"><a href=\"https:\/\/oewd.org\/first-source#:~:text=The%20Program%20provides%20a%20ready,level%20jobs%20in%20San%20Francisco\"><button class=\"btn btn-rounded btn-md learn-more-button\" type=\"submit\">Xem Th\u00eam th\u00f4ng tin<\/button><\/a><\/div>\r\n<\/div>\r\n<div class=\"page-three-block\">\r\n<div class=\"row\">\r\n<div class=\"card-group\">\r\n<div class=\"card mx-auto\"><a href=\"https:\/\/oewd.org\/business-assistance\" target=\"_blank\" rel=\"noopener\"> <img decoding=\"async\" class=\"card-img-top\" title=\"Ph\u00e1t tri\u1ec3n Kinh T\u1ebf v\u00e0 Doanh Nghi\u1ec7p\" src=\"https:\/\/workforcelinksf.org\/wp-content\/uploads\/2020\/12\/employer_businesseconomicdevelopment-1.png\" alt=\"Business and Economic Development\" \/> <\/a>\r\n<div class=\"card-body\">\r\n<h2 class=\"card-title\">Ph\u00e1t tri\u1ec3n Kinh T\u1ebf v\u00e0 Doanh Nghi\u1ec7p<\/h2>\r\n<p class=\"card-text\">San Francisco n\u1ed5i ti\u1ebfng v\u00ec s\u1ef1 s\u00e1ng t\u1ea1o v\u00e0 \u0111a d\u1ea1ng c\u1ee7a n\u00f3. \u0110\u00f3 l\u00e0 l\u00fd do v\u00ec sao ch\u00fang t\u00f4i t\u1eadp trung v\u00e0o vi\u1ec7c ph\u00e1t tri\u1ec3n s\u1ef1 th\u1ecbnh v\u01b0\u1ee3ng chung c\u00f9ng v\u1edbi m\u1ed9t n\u1ec1n kinh t\u1ebf v\u1eefng ch\u1eafc v\u00e0 linh ho\u1ea1t. Ch\u00fang t\u00f4i c\u00f3 th\u1ec3 gi\u00fap doanh nghi\u1ec7p c\u1ee7a qu\u00fd v\u1ecb kh\u1edfi \u0111\u1ea7u, duy tr\u00ec, v\u00e0 ph\u00e1t tri\u1ec3n.<\/p>\r\n<\/div>\r\n<div class=\"card-footer\">\r\n<div class=\"col-sm-12 text-center\"><a href=\"https:\/\/oewd.org\/business-assistance\"><button class=\"btn btn-primary btn-lg center-block learn-more-button\" type=\"button\">Xem Th\u00eam th\u00f4ng tin<\/button><\/a><\/div>\r\n<\/div>\r\n<\/div>\r\n<div class=\"card mx-auto\"><a href=\"https:\/\/oewd.org\/jobcenters\" target=\"_blank\" rel=\"noopener\"> <img decoding=\"async\" class=\"card-img-top\" title=\"Ph\u00e1t tri\u1ec3n l\u1ef1c l\u01b0\u1ee3ng lao \u0111\u1ed9ng\" src=\"https:\/\/workforcelinksf.org\/wp-content\/uploads\/2020\/12\/employer_workforcedevelopment-1.png\" alt=\"Workforce Development\" \/><\/a>\r\n<div class=\"card-body\">\r\n<h2 class=\"card-title\">Ph\u00e1t tri\u1ec3n l\u1ef1c l\u01b0\u1ee3ng lao \u0111\u1ed9ng<\/h2>\r\n<p class=\"card-text\">Ch\u00fang t\u00f4i chu\u1ea9n b\u1ecb, \u0111\u00e0o t\u1ea1o v\u00e0 \u0111em l\u1ea1i cho ng\u01b0\u1eddi d\u00e2n San Francisco c\u00e1c vi\u1ec7c l\u00e0m b\u1ec1n v\u1eefng v\u00e0 s\u1ef1 nghi\u1ec7p v\u1eefng ch\u1eafc trong nhi\u1ec1u l\u0129nh v\u1ef1c. M\u1ecdi ng\u01b0\u1eddi \u0111\u1ec1u x\u1ee9ng \u0111\u00e1ng c\u00f3 \u0111\u01b0\u1ee3c c\u01a1 h\u1ed9i \u0111\u1ec3 ph\u00e1t tri\u1ec3n. H\u00e3y t\u00ecm hi\u1ec3u c\u00e1ch ch\u00fang t\u00f4i k\u1ebft n\u1ed1i c\u00e1c t\u00e0i n\u0103ng v\u00e0 nh\u00e0 tuy\u1ec3n d\u1ee5ng t\u1ea1i \u0111\u1ecba ph\u01b0\u01a1ng.<\/p>\r\n<\/div>\r\n<div class=\"card-footer\">\r\n<div class=\"col-sm-12 text-center\"><a href=\"https:\/\/oewd.org\/jobcenters\"><button class=\"btn btn-primary btn-lg center-block learn-more-button\" type=\"button\">Xem Th\u00eam th\u00f4ng tin<\/button><\/a><\/div>\r\n<\/div>\r\n<\/div>\r\n<div class=\"card mx-auto\"><a href=\"https:\/\/oewd.org\/neighborhoods\" target=\"_blank\" rel=\"noopener\"> <img decoding=\"async\" class=\"card-img-top\" title=\"Khu d\u00e2n c\u01b0 s\u00f4i \u0111\u1ed9ng\" src=\"https:\/\/workforcelinksf.org\/wp-content\/uploads\/2020\/12\/employer_vibrantneighborhoods.png\" alt=\"Vibrant Neighborhoods\" \/> <\/a>\r\n<div class=\"card-body\">\r\n<h2 class=\"card-title\">Khu d\u00e2n c\u01b0 s\u00f4i \u0111\u1ed9ng<\/h2>\r\n<p class=\"card-text\">Ch\u00fang t\u00f4i c\u1ee7ng c\u1ed1 v\u00e0 \u0111\u1ea7u t\u01b0 v\u00e0o c\u00e1c doanh nghi\u1ec7p, t\u1ed5 ch\u1ee9c phi l\u1ee3i nhu\u1eadn, m\u1eb7t ti\u1ec1n c\u1eeda h\u00e0ng, c\u00e1c t\u1ed5 ch\u1ee9c c\u1ed9ng \u0111\u1ed3ng, c\u00e1c khu th\u01b0\u01a1ng m\u1ea1i, v\u00e0 c\u00e1c kh\u00f4ng gian c\u00f4ng c\u1ed9ng \u0111\u1ec3 x\u00e2y d\u1ef1ng n\u0103ng l\u1ef1c c\u1ed9ng \u0111\u1ed3ng v\u00e0 t\u1ea1o ra nh\u1eefng khu d\u00e2n c\u01b0 l\u00e0nh m\u1ea1nh v\u00e0 s\u00f4i \u0111\u1ed9ng<\/p>\r\n<\/div>\r\n<div class=\"card-footer\">\r\n<div class=\"col-sm-12 text-center\"><a href=\"https:\/\/oewd.org\/neighborhoods\"><button class=\"btn btn-primary btn-lg center-block learn-more-button\" type=\"button\">Xem Th\u00eam th\u00f4ng tin<\/button><\/a><\/div>\r\n<\/div>\r\n<\/div>\r\n<\/div>\r\n<\/div>\r\n<\/div>\r\n<div class=\"container\">\r\n<div class=\"row\">\r\n<div class=\"col-sm-8 offset-sm-2 text-center section-five\">\r\n<h1>N\u1ec0N KINH T\u1ebe \u0110A D\u1ea0NG D\u00c0NH CHO M\u1ed8T TH\u00c0NH PH\u1ed0 \u0110A D\u1ea0NG<\/h1>\r\n<\/div>\r\n<\/div>\r\n<\/div>\r\n<div class=\"container\">\r\n<div class=\"row section-five-buttons\">\r\n<div class=\"col-sm-6 text-right\"> <button class=\"btn btn-secondary btn-md restricted-block left-pill-button\" onclick=\"location.href='login-links\/'\" type=\"button\" style=\"white-space: pre\">Nh\u1eadn vi\u1ec7c l\u00e0m<\/button><\/div>\r\n<div class=\"col-sm-6 text-left\"><button class=\"btn btn-secondary btn-md restricted-block right-pill-button\" onclick=\"location.href='employer\/'\" type=\"button\" style=\"white-space: pre\">Tuy\u1ec3n m\u1ed9t \u1ee9ng c\u1eed vi\u00ean<\/button><\/div>\r\n<\/div>\r\n<\/div>\r\n\r\n\r\n\r\n<p>&nbsp;<\/p>","protected":false},"excerpt":{"rendered":"<p>Hiring from our candidates is as easy as 1 Sign Up Complete profile and registration 2 Post A Job Post Your Job 3 Hire Interview a candidate and hire Sign Up Already have an account? Resources Available to Employers The Office of Economic and Workforce Development assists San Francisco employers in attracting, growing and retaining [&hellip;]<\/p>","protected":false},"author":1,"featured_media":0,"parent":0,"menu_order":0,"comment_status":"closed","ping_status":"closed","template":"","meta":{"footnotes":""},"class_list":["post-185","page","type-page","status-publish","hentry"],"_links":{"self":[{"href":"https:\/\/workforcelinksf.org\/vi\/wp-json\/wp\/v2\/pages\/185","targetHints":{"allow":["GET"]}}],"collection":[{"href":"https:\/\/workforcelinksf.org\/vi\/wp-json\/wp\/v2\/pages"}],"about":[{"href":"https:\/\/workforcelinksf.org\/vi\/wp-json\/wp\/v2\/types\/page"}],"author":[{"embeddable":true,"href":"https:\/\/workforcelinksf.org\/vi\/wp-json\/wp\/v2\/users\/1"}],"replies":[{"embeddable":true,"href":"https:\/\/workforcelinksf.org\/vi\/wp-json\/wp\/v2\/comments?post=185"}],"version-history":[{"count":61,"href":"https:\/\/workforcelinksf.org\/vi\/wp-json\/wp\/v2\/pages\/185\/revisions"}],"predecessor-version":[{"id":1131,"href":"https:\/\/workforcelinksf.org\/vi\/wp-json\/wp\/v2\/pages\/185\/revisions\/1131"}],"wp:attachment":[{"href":"https:\/\/workforcelinksf.org\/vi\/wp-json\/wp\/v2\/media?parent=185"}],"curies":[{"name":"wp","href":"https:\/\/api.w.org\/{rel}","templated":true}]}}